{"id":69,"date":"2021-10-04T11:02:15","date_gmt":"2021-10-04T11:02:15","guid":{"rendered":"https:\/\/sheriffssimshack.com\/?page_id=69"},"modified":"2021-11-04T15:18:36","modified_gmt":"2021-11-04T14:18:36","slug":"about","status":"publish","type":"page","link":"https:\/\/sheriffssimshack.com\/index.php\/about\/","title":{"rendered":"About (DSVGO\/GDPR)"},"content":{"rendered":"\n<p><strong>Datenschutz<\/strong><\/p>\n\n\n\n<p>Als Webseitenbetreiber nehmen wir den Schutz aller pers\u00f6nlichen Daten sehr ernst. Alle personenbezogenen Informationen werden vertraulich und gem\u00e4\u00df den gesetzlichen Vorschriften behandelt, wie in dieser Datenschutzerkl\u00e4rung erl\u00e4utert.<\/p>\n\n\n\n<p>Unserer Webseite kann selbstverst\u00e4ndlich genutzt werden, ohne dass Sie pers\u00f6nliche Daten angeben. Wenn jedoch zu irgendeinem Zeitpunkt pers\u00f6nliche Daten wie z.B. Name, Adresse oder E-Mail abgefragt werden, wird dies auf freiwilliger Basis geschehen. Niemals werden von uns erhobene Daten ohne Ihre spezielle Genehmigung an Dritte weitergegeben.<\/p>\n\n\n\n<p>Daten\u00fcbertragung im Internet, wie zum Beispiel \u00fcber E-Mail, kann immer Sicherheitsl\u00fccken aufweisen. Der komplette Schutz der Daten ist im Internet nicht m\u00f6glich.<\/p>\n\n\n\n<p><strong>Auskunft, L\u00f6schung, Sperrung<\/strong><\/p>\n\n\n\n<p>Zu jedem Zeitpunkt k\u00f6nnen Sie sich \u00fcber die personenbezogenen Daten, deren Herkunft und Empf\u00e4nger und den Nutzen der Datenverarbeitung informieren und unentgeltlich eine Korrektur, Sperrung oder L\u00f6schung dieser Daten verlangen. Bitte nutzen Sie daf\u00fcr dersheriffgaming@gmail.com als Kontakt. F\u00fcr weitere Fragen zum Thema stehen wir Ihnen ebenfalls jederzeit zur Verf\u00fcgung.<\/p>\n\n\n\n<p><strong>Server-Log-Files<\/strong><\/p>\n\n\n\n<p>Der Seiten-Provider erhebt und speichert automatisch Daten in Server-Log Files, die von Ihrem Browser an uns \u00fcbermittelt werden. Diese Daten enthalten:<\/p>\n\n\n\n<p>\u2013 Browsertyp\/ Browserversion<\/p>\n\n\n\n<p>\u2013 Betriebssystem des Rechners<\/p>\n\n\n\n<p>\u2013 Referrer URL<\/p>\n\n\n\n<p>\u2013 Hostname des zugreifenden Rechners<\/p>\n\n\n\n<p>\u2013 Uhrzeit der Serveranfrage<\/p>\n\n\n\n<p>Diese Daten sind nicht personenbezogen. Es erfolgt keine Zusammenf\u00fchrung dieser Daten mit anderen Datenquellen. Wenn uns konkrete Anhaltspunkte f\u00fcr eine rechtswidrige Nutzung bekannt werden behalten wir uns das Recht vor, diese Daten nachtr\u00e4glich zu \u00fcberpr\u00fcfen.<\/p>\n\n\n\n<p><strong>Cookies<\/strong><\/p>\n\n\n\n<p>Viele Internetseiten verwenden Cookies. Cookies sind unsch\u00e4dlich f\u00fcr Ihren Rechner und virenfrei. Sie dienen dazu, Internet-Angebote f\u00fcr die Besucher einer Website&nbsp;freundlicher, effektiver und sicherer zu machen. Cookies sind kleine Textdateien, die auf Ihrem Computer abgelegt werden und die Ihr Browser verwendet.<\/p>\n\n\n\n<p>Wir verwenden in der Regel so genannte \u201eSession-Cookies\u201c. Diese werden nach Verlassen unserer Seite automatisch gel\u00f6scht. Andere Cookies bleiben auf Ihrem Computer gespeichert, bis Sie diese l\u00f6schen. Diese Cookies helfen dabei, Ihren Rechner beim n\u00e4chsten Besuch wiederzuerkennen.<\/p>\n\n\n\n<p>\u00dcber die Browsereinstellungen k\u00f6nnen sie festlegen, dass Sie \u00fcber neue Cookies informiert werden und Cookies jeweils annehmen m\u00fcssen. Ebenso k\u00f6nnen Sie die Annahme von Cookies f\u00fcr bestimmte F\u00e4lle oder generell ausschlie\u00dfen oder das automatische L\u00f6schen der Cookies beim Schlie\u00dfen des Browser aktivieren. Werden Cookies desaktiviert, kann die Funktionalit\u00e4t unserer Website eingeschr\u00e4nkt sein.<\/p>\n\n\n\n<p><strong>\u00c4nderung der Datenschutzbestimmungen<\/strong><\/p>\n\n\n\n<p>Unsere Datenschutzerkl\u00e4rung k\u00f6nnen in unregelm\u00e4\u00dfigen Abst\u00e4nden angepasst werden, damit sie den aktuellen rechtlichen Anforderungen entsprechen oder um \u00c4nderungen unserer Dienstleistungen umzusetzen, z. B. bei der Einf\u00fcgung neuer Angebote. F\u00fcr Ihren n\u00e4chsten Besuch gilt dann automatisch die neue&nbsp;<a href=\"https:\/\/xn--datenschutzerklrungmuster-zec.de\/was-ist-eine-datenschutzerklaerung\/\" target=\"_blank\" rel=\"noreferrer noopener\"><strong>Datenschutzerkl\u00e4rung<\/strong><\/a>.<\/p>\n\n\n\n<p><strong>Kontakt zum Datenschutzmitarbeiter<\/strong><\/p>\n\n\n\n<p>Diese Widerrufsbelehrung Seite wurde bei&nbsp;<a rel=\"noreferrer noopener\" href=\"https:\/\/xn--datenschutzerklrungmuster-zec.de\/\" target=\"_blank\">datenschutzerkl\u00e4rungmuster.de<\/a>&nbsp;erstellt.<\/p>\n\n\n\n<p><\/p>\n\n\n\n<p class=\"has-medium-font-size\"><strong>English (Machine Translated with DeepL)<\/strong><\/p>\n\n\n\n<p><strong>Data protection<\/strong><\/p>\n\n\n\n<p>As website operators, we take the protection of all personal data very seriously. All personal information is treated confidentially and in accordance with the statutory regulations, as explained in this data protection declaration.<\/p>\n\n\n\n<p>Our website can of course be used without you providing any personal data. However, if at any time personal data such as name, address or e-mail is requested, this will be done on a voluntary basis. No data collected by us will ever be passed on to third parties without your specific permission.<\/p>\n\n\n\n<p>Data transmission on the Internet, such as via e-mail, can always have security gaps. Complete protection of data is not possible on the Internet.<\/p>\n\n\n\n<p>Information, deletion, blocking<\/p>\n\n\n\n<p>At any time, you can obtain information about your personal data, its origin and recipients, and the benefits of data processing, and you can request a correction, blocking or deletion of this data free of charge. Please use dersheriffgaming@gmail.com to contact us. If you have any further questions on this subject, please do not hesitate to contact us at any time.<\/p>\n\n\n\n<p><strong>Server log files<\/strong><\/p>\n\n\n\n<p>The site provider automatically collects and stores data in server log files that are transmitted to us by your browser. This data includes:<\/p>\n\n\n\n<ul class=\"wp-block-list\"><li>Browser type\/ browser version<\/li><li>Operating system of the computer<\/li><li>Referrer URL<\/li><li>Host name of the accessing computer<\/li><li>Time of the server request<\/li><\/ul>\n\n\n\n<p>This data is not personal. This data is not merged with other data sources. If we become aware of concrete indications of illegal use, we reserve the right to check this data retrospectively.<\/p>\n\n\n\n<p><strong>Cookies<\/strong><\/p>\n\n\n\n<p>Many Internet pages use cookies. Cookies are harmless to your computer and virus-free. They are used to make internet services more friendly, effective and secure for visitors to a website. Cookies are small text files that are stored on your computer and used by your browser.<\/p>\n\n\n\n<p>We usually use so-called &#8220;session cookies&#8221;. These are automatically deleted after you leave our site. Other cookies remain stored on your computer until you delete them. These cookies help to recognise your computer on your next visit.<\/p>\n\n\n\n<p>You can use your browser settings to specify that you are to be informed about new cookies and that you must accept each cookie. You can also exclude the acceptance of cookies for certain cases or generally or activate the automatic deletion of cookies when closing the browser. If cookies are deactivated, the functionality of our website may be limited.<\/p>\n\n\n\n<p><strong>Changes to data protection regulations<\/strong><\/p>\n\n\n\n<p>Our privacy policy may be amended at irregular intervals to comply with current legal requirements or to implement changes to our services, e.g. when new offers are added. The new data protection statement will then automatically apply to your next visit.<\/p>\n\n\n\n<p>This cancellation policy page was created at datenschutzerkl\u00e4rungmuster.de.<\/p>\n\n\n\n<p>Translated with www.DeepL.com\/Translator (free version)<\/p>\n","protected":false},"excerpt":{"rendered":"<p>Datenschutz Als Webseitenbetreiber nehmen wir den Schutz aller pers\u00f6nlichen Daten sehr ernst. Alle personenbezogenen Informationen werden vertraulich und gem\u00e4\u00df den gesetzlichen Vorschriften behandelt, wie in dieser Datenschutzerkl\u00e4rung erl\u00e4utert. Unserer Webseite kann selbstverst\u00e4ndlich genutzt werden, ohne dass Sie pers\u00f6nliche Daten angeben. Wenn jedoch zu irgendeinem Zeitpunkt pers\u00f6nliche Daten wie z.B. Name, Adresse oder E-Mail abgefragt werden, [&hellip;]<\/p>\n","protected":false},"author":1,"featured_media":0,"parent":0,"menu_order":0,"comment_status":"closed","ping_status":"closed","template":"","meta":{"site-sidebar-layout":"default","site-content-layout":"default","ast-site-content-layout":"default","site-content-style":"default","site-sidebar-style":"default","ast-global-header-display":"","ast-banner-title-visibility":"","ast-main-header-display":"","ast-hfb-above-header-display":"","ast-hfb-below-header-display":"","ast-hfb-mobile-header-display":"","site-post-title":"","ast-breadcrumbs-content":"","ast-featured-img":"","footer-sml-layout":"","ast-disable-related-posts":"","theme-transparent-header-meta":"default","adv-header-id-meta":"","stick-header-meta":"","header-above-stick-meta":"","header-main-stick-meta":"","header-below-stick-meta":"","astra-migrate-meta-layouts":"default","ast-page-background-enabled":"default","ast-page-background-meta":{"desktop":{"background-color":"var(--ast-global-color-4)","background-image":"","background-repeat":"repeat","background-position":"center center","background-size":"auto","background-attachment":"scroll","background-type":"","background-media":"","overlay-type":"","overlay-color":"","overlay-opacity":"","overlay-gradient":""},"tablet":{"background-color":"","background-image":"","background-repeat":"repeat","background-position":"center center","background-size":"auto","background-attachment":"scroll","background-type":"","background-media":"","overlay-type":"","overlay-color":"","overlay-opacity":"","overlay-gradient":""},"mobile":{"background-color":"","background-image":"","background-repeat":"repeat","background-position":"center center","background-size":"auto","background-attachment":"scroll","background-type":"","background-media":"","overlay-type":"","overlay-color":"","overlay-opacity":"","overlay-gradient":""}},"ast-content-background-meta":{"desktop":{"background-color":"var(--ast-global-color-5)","background-image":"","background-repeat":"repeat","background-position":"center center","background-size":"auto","background-attachment":"scroll","background-type":"","background-media":"","overlay-type":"","overlay-color":"","overlay-opacity":"","overlay-gradient":""},"tablet":{"background-color":"var(--ast-global-color-5)","background-image":"","background-repeat":"repeat","background-position":"center center","background-size":"auto","background-attachment":"scroll","background-type":"","background-media":"","overlay-type":"","overlay-color":"","overlay-opacity":"","overlay-gradient":""},"mobile":{"background-color":"var(--ast-global-color-5)","background-image":"","background-repeat":"repeat","background-position":"center center","background-size":"auto","background-attachment":"scroll","background-type":"","background-media":"","overlay-type":"","overlay-color":"","overlay-opacity":"","overlay-gradient":""}},"footnotes":""},"class_list":["post-69","page","type-page","status-publish","hentry"],"_links":{"self":[{"href":"https:\/\/sheriffssimshack.com\/index.php\/wp-json\/wp\/v2\/pages\/69","targetHints":{"allow":["GET"]}}],"collection":[{"href":"https:\/\/sheriffssimshack.com\/index.php\/wp-json\/wp\/v2\/pages"}],"about":[{"href":"https:\/\/sheriffssimshack.com\/index.php\/wp-json\/wp\/v2\/types\/page"}],"author":[{"embeddable":true,"href":"https:\/\/sheriffssimshack.com\/index.php\/wp-json\/wp\/v2\/users\/1"}],"replies":[{"embeddable":true,"href":"https:\/\/sheriffssimshack.com\/index.php\/wp-json\/wp\/v2\/comments?post=69"}],"version-history":[{"count":5,"href":"https:\/\/sheriffssimshack.com\/index.php\/wp-json\/wp\/v2\/pages\/69\/revisions"}],"predecessor-version":[{"id":128,"href":"https:\/\/sheriffssimshack.com\/index.php\/wp-json\/wp\/v2\/pages\/69\/revisions\/128"}],"wp:attachment":[{"href":"https:\/\/sheriffssimshack.com\/index.php\/wp-json\/wp\/v2\/media?parent=69"}],"curies":[{"name":"wp","href":"https:\/\/api.w.org\/{rel}","templated":true}]}}